{"id":1551,"date":"2024-12-06T09:47:23","date_gmt":"2024-12-06T09:47:23","guid":{"rendered":"https:\/\/site.latelier-dumarais.fr\/?post_type=product&#038;p=1551"},"modified":"2024-12-06T09:47:26","modified_gmt":"2024-12-06T09:47:26","slug":"meuble-supsendu","status":"publish","type":"product","link":"https:\/\/site.latelier-dumarais.fr\/index.php\/produit\/meuble-supsendu\/","title":{"rendered":"Meuble supsendu"},"content":{"rendered":"","protected":false},"excerpt":{"rendered":"<p>Meuble salon suspendu r\u00e9alis\u00e9 en m\u00e9lamin\u00e9 d\u00e9cor blanc structur\u00e9<\/p>\n","protected":false},"featured_media":1395,"template":"","meta":{"_uag_custom_page_level_css":"","site-sidebar-layout":"default","site-content-layout":"","ast-site-content-layout":"","site-content-style":"default","site-sidebar-style":"default","ast-global-header-display":"","ast-banner-title-visibility":"","ast-main-header-display":"","ast-hfb-above-header-display":"","ast-hfb-below-header-display":"","ast-hfb-mobile-header-display":"","site-post-title":"","ast-breadcrumbs-content":"","ast-featured-img":"","footer-sml-layout":"","theme-transparent-header-meta":"","adv-header-id-meta":"","stick-header-meta":"","header-above-stick-meta":"","header-main-stick-meta":"","header-below-stick-meta":"","astra-migrate-meta-layouts":"default","ast-page-background-enabled":"default","ast-page-background-meta":{"desktop":{"background-color":"var(--ast-global-color-4)","background-image":"","background-repeat":"repeat","background-position":"center center","background-size":"auto","background-attachment":"scroll","background-type":"","background-media":"","overlay-type":"","overlay-color":"","overlay-opacity":"","overlay-gradient":""},"tablet":{"background-color":"","background-image":"","background-repeat":"repeat","background-position":"center center","background-size":"auto","background-attachment":"scroll","background-type":"","background-media":"","overlay-type":"","overlay-color":"","overlay-opacity":"","overlay-gradient":""},"mobile":{"background-color":"","background-image":"","background-repeat":"repeat","background-position":"center center","background-size":"auto","background-attachment":"scroll","background-type":"","background-media":"","overlay-type":"","overlay-color":"","overlay-opacity":"","overlay-gradient":""}},"ast-content-background-meta":{"desktop":{"background-color":"var(--ast-global-color-5)","background-image":"","background-repeat":"repeat","background-position":"center center","background-size":"auto","background-attachment":"scroll","background-type":"","background-media":"","overlay-type":"","overlay-color":"","overlay-opacity":"","overlay-gradient":""},"tablet":{"background-color":"var(--ast-global-color-5)","background-image":"","background-repeat":"repeat","background-position":"center center","background-size":"auto","background-attachment":"scroll","background-type":"","background-media":"","overlay-type":"","overlay-color":"","overlay-opacity":"","overlay-gradient":""},"mobile":{"background-color":"var(--ast-global-color-5)","background-image":"","background-repeat":"repeat","background-position":"center center","background-size":"auto","background-attachment":"scroll","background-type":"","background-media":"","overlay-type":"","overlay-color":"","overlay-opacity":"","overlay-gradient":""}}},"product_brand":[],"product_cat":[28],"product_tag":[],"class_list":{"0":"post-1551","1":"product","2":"type-product","3":"status-publish","4":"has-post-thumbnail","6":"product_cat-divers","7":"desktop-align-left","8":"tablet-align-left","9":"mobile-align-left","11":"first","12":"instock","13":"shipping-taxable","14":"purchasable","15":"product-type-simple"},"uagb_featured_image_src":{"full":["https:\/\/site.latelier-dumarais.fr\/wp-content\/uploads\/2024\/12\/meuble-supsendu.jpeg",960,720,false],"thumbnail":["https:\/\/site.latelier-dumarais.fr\/wp-content\/uploads\/2024\/12\/meuble-supsendu-150x150.jpeg",150,150,true],"medium":["https:\/\/site.latelier-dumarais.fr\/wp-content\/uploads\/2024\/12\/meuble-supsendu-300x225.jpeg",300,225,true],"medium_large":["https:\/\/site.latelier-dumarais.fr\/wp-content\/uploads\/2024\/12\/meuble-supsendu-768x576.jpeg",768,576,true],"large":["https:\/\/site.latelier-dumarais.fr\/wp-content\/uploads\/2024\/12\/meuble-supsendu.jpeg",960,720,false],"1536x1536":["https:\/\/site.latelier-dumarais.fr\/wp-content\/uploads\/2024\/12\/meuble-supsendu.jpeg",960,720,false],"2048x2048":["https:\/\/site.latelier-dumarais.fr\/wp-content\/uploads\/2024\/12\/meuble-supsendu.jpeg",960,720,false],"woocommerce_thumbnail":["https:\/\/site.latelier-dumarais.fr\/wp-content\/uploads\/2024\/12\/meuble-supsendu-300x300.jpeg",300,300,true],"woocommerce_single":["https:\/\/site.latelier-dumarais.fr\/wp-content\/uploads\/2024\/12\/meuble-supsendu-600x450.jpeg",600,450,true],"woocommerce_gallery_thumbnail":["https:\/\/site.latelier-dumarais.fr\/wp-content\/uploads\/2024\/12\/meuble-supsendu-100x100.jpeg",100,100,true]},"uagb_author_info":{"display_name":"admin","author_link":"https:\/\/site.latelier-dumarais.fr\/index.php\/author\/"},"uagb_comment_info":0,"uagb_excerpt":"Meuble salon suspendu r\u00e9alis\u00e9 en m\u00e9lamin\u00e9 d\u00e9cor blanc structur\u00e9","_links":{"self":[{"href":"https:\/\/site.latelier-dumarais.fr\/index.php\/wp-json\/wp\/v2\/product\/1551","targetHints":{"allow":["GET"]}}],"collection":[{"href":"https:\/\/site.latelier-dumarais.fr\/index.php\/wp-json\/wp\/v2\/product"}],"about":[{"href":"https:\/\/site.latelier-dumarais.fr\/index.php\/wp-json\/wp\/v2\/types\/product"}],"wp:featuredmedia":[{"embeddable":true,"href":"https:\/\/site.latelier-dumarais.fr\/index.php\/wp-json\/wp\/v2\/media\/1395"}],"wp:attachment":[{"href":"https:\/\/site.latelier-dumarais.fr\/index.php\/wp-json\/wp\/v2\/media?parent=1551"}],"wp:term":[{"taxonomy":"product_brand","embeddable":true,"href":"https:\/\/site.latelier-dumarais.fr\/index.php\/wp-json\/wp\/v2\/product_brand?post=1551"},{"taxonomy":"product_cat","embeddable":true,"href":"https:\/\/site.latelier-dumarais.fr\/index.php\/wp-json\/wp\/v2\/product_cat?post=1551"},{"taxonomy":"product_tag","embeddable":true,"href":"https:\/\/site.latelier-dumarais.fr\/index.php\/wp-json\/wp\/v2\/product_tag?post=1551"}],"curies":[{"name":"wp","href":"https:\/\/api.w.org\/{rel}","templated":true}]}}