{"id":1555,"date":"2024-12-06T09:47:23","date_gmt":"2024-12-06T09:47:23","guid":{"rendered":"https:\/\/site.latelier-dumarais.fr\/?post_type=product&#038;p=1555"},"modified":"2024-12-06T09:47:28","modified_gmt":"2024-12-06T09:47:28","slug":"meuble-chambre","status":"publish","type":"product","link":"https:\/\/site.latelier-dumarais.fr\/index.php\/produit\/meuble-chambre\/","title":{"rendered":"Meuble chambre"},"content":{"rendered":"","protected":false},"excerpt":{"rendered":"<p>Meuble chambre sous rampant en m\u00e9dium laqu\u00e9 et m\u00e9lamin\u00e9 ton bois pour les niches ouvertes et meuble bas<\/p>\n","protected":false},"featured_media":1403,"template":"","meta":{"_uag_custom_page_level_css":"","site-sidebar-layout":"default","site-content-layout":"","ast-site-content-layout":"","site-content-style":"default","site-sidebar-style":"default","ast-global-header-display":"","ast-banner-title-visibility":"","ast-main-header-display":"","ast-hfb-above-header-display":"","ast-hfb-below-header-display":"","ast-hfb-mobile-header-display":"","site-post-title":"","ast-breadcrumbs-content":"","ast-featured-img":"","footer-sml-layout":"","theme-transparent-header-meta":"","adv-header-id-meta":"","stick-header-meta":"","header-above-stick-meta":"","header-main-stick-meta":"","header-below-stick-meta":"","astra-migrate-meta-layouts":"default","ast-page-background-enabled":"default","ast-page-background-meta":{"desktop":{"background-color":"var(--ast-global-color-4)","background-image":"","background-repeat":"repeat","background-position":"center center","background-size":"auto","background-attachment":"scroll","background-type":"","background-media":"","overlay-type":"","overlay-color":"","overlay-opacity":"","overlay-gradient":""},"tablet":{"background-color":"","background-image":"","background-repeat":"repeat","background-position":"center center","background-size":"auto","background-attachment":"scroll","background-type":"","background-media":"","overlay-type":"","overlay-color":"","overlay-opacity":"","overlay-gradient":""},"mobile":{"background-color":"","background-image":"","background-repeat":"repeat","background-position":"center center","background-size":"auto","background-attachment":"scroll","background-type":"","background-media":"","overlay-type":"","overlay-color":"","overlay-opacity":"","overlay-gradient":""}},"ast-content-background-meta":{"desktop":{"background-color":"var(--ast-global-color-5)","background-image":"","background-repeat":"repeat","background-position":"center center","background-size":"auto","background-attachment":"scroll","background-type":"","background-media":"","overlay-type":"","overlay-color":"","overlay-opacity":"","overlay-gradient":""},"tablet":{"background-color":"var(--ast-global-color-5)","background-image":"","background-repeat":"repeat","background-position":"center center","background-size":"auto","background-attachment":"scroll","background-type":"","background-media":"","overlay-type":"","overlay-color":"","overlay-opacity":"","overlay-gradient":""},"mobile":{"background-color":"var(--ast-global-color-5)","background-image":"","background-repeat":"repeat","background-position":"center center","background-size":"auto","background-attachment":"scroll","background-type":"","background-media":"","overlay-type":"","overlay-color":"","overlay-opacity":"","overlay-gradient":""}}},"product_brand":[],"product_cat":[27],"product_tag":[],"class_list":{"0":"post-1555","1":"product","2":"type-product","3":"status-publish","4":"has-post-thumbnail","6":"product_cat-agencement-chambre","7":"desktop-align-left","8":"tablet-align-left","9":"mobile-align-left","11":"first","12":"instock","13":"shipping-taxable","14":"purchasable","15":"product-type-simple"},"uagb_featured_image_src":{"full":["https:\/\/site.latelier-dumarais.fr\/wp-content\/uploads\/2024\/12\/meuble-chambre-sur-mesure.jpeg",720,960,false],"thumbnail":["https:\/\/site.latelier-dumarais.fr\/wp-content\/uploads\/2024\/12\/meuble-chambre-sur-mesure-150x150.jpeg",150,150,true],"medium":["https:\/\/site.latelier-dumarais.fr\/wp-content\/uploads\/2024\/12\/meuble-chambre-sur-mesure-225x300.jpeg",225,300,true],"medium_large":["https:\/\/site.latelier-dumarais.fr\/wp-content\/uploads\/2024\/12\/meuble-chambre-sur-mesure.jpeg",720,960,false],"large":["https:\/\/site.latelier-dumarais.fr\/wp-content\/uploads\/2024\/12\/meuble-chambre-sur-mesure.jpeg",720,960,false],"1536x1536":["https:\/\/site.latelier-dumarais.fr\/wp-content\/uploads\/2024\/12\/meuble-chambre-sur-mesure.jpeg",720,960,false],"2048x2048":["https:\/\/site.latelier-dumarais.fr\/wp-content\/uploads\/2024\/12\/meuble-chambre-sur-mesure.jpeg",720,960,false],"woocommerce_thumbnail":["https:\/\/site.latelier-dumarais.fr\/wp-content\/uploads\/2024\/12\/meuble-chambre-sur-mesure-300x300.jpeg",300,300,true],"woocommerce_single":["https:\/\/site.latelier-dumarais.fr\/wp-content\/uploads\/2024\/12\/meuble-chambre-sur-mesure-600x800.jpeg",600,800,true],"woocommerce_gallery_thumbnail":["https:\/\/site.latelier-dumarais.fr\/wp-content\/uploads\/2024\/12\/meuble-chambre-sur-mesure-100x100.jpeg",100,100,true]},"uagb_author_info":{"display_name":"admin","author_link":"https:\/\/site.latelier-dumarais.fr\/index.php\/author\/"},"uagb_comment_info":0,"uagb_excerpt":"Meuble chambre sous rampant en m\u00e9dium laqu\u00e9 et m\u00e9lamin\u00e9 ton bois pour les niches ouvertes et meuble bas","_links":{"self":[{"href":"https:\/\/site.latelier-dumarais.fr\/index.php\/wp-json\/wp\/v2\/product\/1555","targetHints":{"allow":["GET"]}}],"collection":[{"href":"https:\/\/site.latelier-dumarais.fr\/index.php\/wp-json\/wp\/v2\/product"}],"about":[{"href":"https:\/\/site.latelier-dumarais.fr\/index.php\/wp-json\/wp\/v2\/types\/product"}],"wp:featuredmedia":[{"embeddable":true,"href":"https:\/\/site.latelier-dumarais.fr\/index.php\/wp-json\/wp\/v2\/media\/1403"}],"wp:attachment":[{"href":"https:\/\/site.latelier-dumarais.fr\/index.php\/wp-json\/wp\/v2\/media?parent=1555"}],"wp:term":[{"taxonomy":"product_brand","embeddable":true,"href":"https:\/\/site.latelier-dumarais.fr\/index.php\/wp-json\/wp\/v2\/product_brand?post=1555"},{"taxonomy":"product_cat","embeddable":true,"href":"https:\/\/site.latelier-dumarais.fr\/index.php\/wp-json\/wp\/v2\/product_cat?post=1555"},{"taxonomy":"product_tag","embeddable":true,"href":"https:\/\/site.latelier-dumarais.fr\/index.php\/wp-json\/wp\/v2\/product_tag?post=1555"}],"curies":[{"name":"wp","href":"https:\/\/api.w.org\/{rel}","templated":true}]}}